{"id":413,"date":"2021-06-02T15:45:53","date_gmt":"2021-06-02T13:45:53","guid":{"rendered":"https:\/\/www.attitude-sereine.fr\/?page_id=413"},"modified":"2021-06-03T09:53:41","modified_gmt":"2021-06-03T07:53:41","slug":"presentation-ritmo","status":"publish","type":"page","link":"https:\/\/www.attitude-sereine.fr\/index.php\/presentation-ritmo\/","title":{"rendered":"Pr\u00e9sentation RITMO"},"content":{"rendered":"\n<p>La technique <strong>RITMO<\/strong>\u00ae est une combinaison de l&#8217;hypnose et l&#8217;EMDR .<\/p>\n\n\n\n<p>Comme l&#8217;explique Lili Ruggieri, cr\u00e9atrice de la m\u00e9thode <strong>RITMO<\/strong>\u00ae, sur son site, <strong>RITMO<\/strong>\u00aeest \u00e0 base de stimulations visuelles, auditives ou corporelles (tapotements sur les mains, les genoux&#8230;) de gauche \u00e0 droite, pendant que le sujet se replonge dans son souvenir.<br>Ce processus permet d&#8217;activer les zones du cerveau impliqu\u00e9es jusqu&#8217;\u00e0 &#8220;dig\u00e9rer&#8221; l&#8217;\u00e9v\u00e8nement traumatisant en le s\u00e9parant de l&#8217;\u00e9motion ressentie. La perception du traumatisme change, l&#8217;\u00e9v\u00e8nement est enfin int\u00e9gr\u00e9 puis d\u00e9pass\u00e9.<\/p>\n\n\n\n<p>G\u00e9n\u00e9ralement utilis\u00e9 pour un traumatisme unique : accident, agression, deuil&#8230;, <strong>RITMO<\/strong>\u00ae donne \u00e9galement d&#8217;excellents r\u00e9sultats sur les blocages \u00e9motionnels, les comportements compulsifs, les peurs, le manque de confiance en soi&#8230; Il est \u00e9galement possible d&#8217;utiliser cette technique afin d&#8217;am\u00e9liorer ses comp\u00e9tences (pour les artistes, les sportifs&#8230;).<strong><br><br>RITMO<\/strong>\u00ae fait appel \u00e0 notre capacit\u00e9 naturelle d&#8217;auto-gu\u00e9rison gr\u00e2ce \u00e0 la plasticit\u00e9 de notre cerveau . Nous pouvons \u00e9galement compter sur notre inconscient qui nous aide \u00e0 nous lib\u00e9rer de nos blocages sans m\u00eame que nous sachions comment cela se produit<\/p>\n","protected":false},"excerpt":{"rendered":"<p>La technique RITMO\u00ae est une combinaison de l&#8217;hypnose et l&#8217;EMDR . Comme l&#8217;explique Lili Ruggieri, cr\u00e9atrice de la m\u00e9thode RITMO\u00ae, sur son site, RITMO\u00aeest \u00e0 base de stimulations visuelles, auditives [&hellip;]<\/p>\n","protected":false},"author":2,"featured_media":0,"parent":0,"menu_order":0,"comment_status":"closed","ping_status":"closed","template":"","meta":[],"categories":[],"tags":[],"_links":{"self":[{"href":"https:\/\/www.attitude-sereine.fr\/index.php\/wp-json\/wp\/v2\/pages\/413"}],"collection":[{"href":"https:\/\/www.attitude-sereine.fr\/index.php\/wp-json\/wp\/v2\/pages"}],"about":[{"href":"https:\/\/www.attitude-sereine.fr\/index.php\/wp-json\/wp\/v2\/types\/page"}],"author":[{"embeddable":true,"href":"https:\/\/www.attitude-sereine.fr\/index.php\/wp-json\/wp\/v2\/users\/2"}],"replies":[{"embeddable":true,"href":"https:\/\/www.attitude-sereine.fr\/index.php\/wp-json\/wp\/v2\/comments?post=413"}],"version-history":[{"count":5,"href":"https:\/\/www.attitude-sereine.fr\/index.php\/wp-json\/wp\/v2\/pages\/413\/revisions"}],"predecessor-version":[{"id":434,"href":"https:\/\/www.attitude-sereine.fr\/index.php\/wp-json\/wp\/v2\/pages\/413\/revisions\/434"}],"wp:attachment":[{"href":"https:\/\/www.attitude-sereine.fr\/index.php\/wp-json\/wp\/v2\/media?parent=413"}],"wp:term":[{"taxonomy":"category","embeddable":true,"href":"https:\/\/www.attitude-sereine.fr\/index.php\/wp-json\/wp\/v2\/categories?post=413"},{"taxonomy":"post_tag","embeddable":true,"href":"https:\/\/www.attitude-sereine.fr\/index.php\/wp-json\/wp\/v2\/tags?post=413"}],"curies":[{"name":"wp","href":"https:\/\/api.w.org\/{rel}","templated":true}]}}