{"id":373,"date":"2021-05-24T22:28:46","date_gmt":"2021-05-24T20:28:46","guid":{"rendered":"https:\/\/www.attitude-sereine.fr\/?page_id=373"},"modified":"2021-05-24T22:45:05","modified_gmt":"2021-05-24T20:45:05","slug":"pnl","status":"publish","type":"page","link":"https:\/\/www.attitude-sereine.fr\/index.php\/pnl\/","title":{"rendered":"PNL"},"content":{"rendered":"\n<p><em>Il n\u2019y a pas d\u2019\u00e9checs, il n\u2019y a que des exp\u00e9riences qui nous enseignent et nous permettent d\u2019\u00e9voluer.<\/em><\/p>\n\n\n\n<p>La programmation neuro-linguistique s\u2019int\u00e9resse \u00e0 la fa\u00e7on dont les humains fonctionnent dans un environnement donn\u00e9 et ce, en fonction de leurs sch\u00e9mas comportementaux. A travers un ensemble de techniques et de m\u00e9thodes, la PNL aide \u00e0 changer la fa\u00e7on dont un individu per\u00e7oit son environnement. En effet, chaque individu poss\u00e8de une carte du monde qui lui est propre, et qui est modul\u00e9e par ses croyances et ses conditionnements. Le but de la PNL est de modifier cette carte afin de permettre \u00e0 l\u2019individu d\u2019atteindre ses objectifs plus efficacement. La PNL apporte donc les outils n\u00e9cessaires afin d\u2019op\u00e9rer des changements personnels et structurels, et ce, afin de cr\u00e9er de nouveaux potentiels de r\u00e9ussite dans tous les domaines de la vie.<\/p>\n\n\n\n<p><em>\u00ab Comment faire pour que \u00e7a fonctionne bien? \u00bb plut\u00f4t que du \u00ab Pourquoi \u00e7a ne fonctionne pas? \u00bb. <\/em><\/p>\n\n\n\n<p>La PNL propose de reconna\u00eetre les comportements que l\u2019on adopte lorsque l\u2019on communique, puis d\u2019y apporter des modifications si on le d\u00e9sire.<\/p>\n\n\n\n<ul><li>\u201cProgrammation\u201d renvoie au fait que nous sommes conditionn\u00e9s par notre milieu qui englobe un syst\u00e8me de croyances et de comportements, il en r\u00e9sulte notre propre carte du monde. Au cours de notre vie, chaque individu met en place inconsciemment des programmes qui orchestrent ses r\u00e9actions et ses \u00e9motions, que ce soit positivement ou n\u00e9gativement.<\/li><li>\u201cNeuro\u201d signifie que ces programmes sont encod\u00e9s dans nos circuits neuronaux.<\/li><li>\u201cLinguistique\u201d renvoie au langage. Qu\u2019il soit verbal ou non verbal, il refl\u00e8te la fa\u00e7on dont nous nous repr\u00e9sentons la r\u00e9alit\u00e9.<\/li><\/ul>\n","protected":false},"excerpt":{"rendered":"<p>Il n\u2019y a pas d\u2019\u00e9checs, il n\u2019y a que des exp\u00e9riences qui nous enseignent et nous permettent d\u2019\u00e9voluer. La programmation neuro-linguistique s\u2019int\u00e9resse \u00e0 la fa\u00e7on dont les humains fonctionnent dans [&hellip;]<\/p>\n","protected":false},"author":2,"featured_media":0,"parent":0,"menu_order":0,"comment_status":"closed","ping_status":"closed","template":"","meta":[],"categories":[],"tags":[],"_links":{"self":[{"href":"https:\/\/www.attitude-sereine.fr\/index.php\/wp-json\/wp\/v2\/pages\/373"}],"collection":[{"href":"https:\/\/www.attitude-sereine.fr\/index.php\/wp-json\/wp\/v2\/pages"}],"about":[{"href":"https:\/\/www.attitude-sereine.fr\/index.php\/wp-json\/wp\/v2\/types\/page"}],"author":[{"embeddable":true,"href":"https:\/\/www.attitude-sereine.fr\/index.php\/wp-json\/wp\/v2\/users\/2"}],"replies":[{"embeddable":true,"href":"https:\/\/www.attitude-sereine.fr\/index.php\/wp-json\/wp\/v2\/comments?post=373"}],"version-history":[{"count":2,"href":"https:\/\/www.attitude-sereine.fr\/index.php\/wp-json\/wp\/v2\/pages\/373\/revisions"}],"predecessor-version":[{"id":383,"href":"https:\/\/www.attitude-sereine.fr\/index.php\/wp-json\/wp\/v2\/pages\/373\/revisions\/383"}],"wp:attachment":[{"href":"https:\/\/www.attitude-sereine.fr\/index.php\/wp-json\/wp\/v2\/media?parent=373"}],"wp:term":[{"taxonomy":"category","embeddable":true,"href":"https:\/\/www.attitude-sereine.fr\/index.php\/wp-json\/wp\/v2\/categories?post=373"},{"taxonomy":"post_tag","embeddable":true,"href":"https:\/\/www.attitude-sereine.fr\/index.php\/wp-json\/wp\/v2\/tags?post=373"}],"curies":[{"name":"wp","href":"https:\/\/api.w.org\/{rel}","templated":true}]}}